{"id":3100,"date":"2025-02-25T11:14:35","date_gmt":"2025-02-25T11:14:35","guid":{"rendered":"https:\/\/finovate.vamtam.com\/?page_id=3100"},"modified":"2026-03-05T12:38:18","modified_gmt":"2026-03-05T12:38:18","slug":"faq","status":"publish","type":"page","link":"https:\/\/fr.cx-gate.com\/de\/faq\/","title":{"rendered":"FAQ"},"content":{"rendered":"<div data-elementor-type=\"wp-page\" data-elementor-id=\"3100\" class=\"elementor elementor-3100\" data-elementor-post-type=\"page\">\n\t\t\t\t<div class=\"elementor-element elementor-element-813e624 e-flex e-con-boxed e-con e-parent\" data-id=\"813e624\" data-element_type=\"container\" data-e-type=\"container\">\n\t\t\t\t\t<div class=\"e-con-inner\">\n\t\t\t\t<div class=\"elementor-element elementor-element-2c3df82 elementor-widget-divider--view-line elementor-widget elementor-widget-divider\" data-id=\"2c3df82\" data-element_type=\"widget\" data-e-type=\"widget\" data-widget_type=\"divider.default\">\n\t\t\t\t<div class=\"elementor-widget-container\">\n\t\t\t\t\t\t\t<div class=\"elementor-divider\">\n\t\t\t<span class=\"elementor-divider-separator\">\n\t\t\t\t\t\t<\/span>\n\t\t<\/div>\n\t\t\t\t\t\t<\/div>\n\t\t\t\t<\/div>\n\t\t\t\t<div class=\"vamtam-has-theme-widget-styles elementor-element elementor-element-a6841dc elementor-widget__width-initial vamtam-has-icon-theme-styles elementor-widget elementor-widget-n-accordion\" data-id=\"a6841dc\" data-element_type=\"widget\" data-e-type=\"widget\" data-settings=\"{&quot;n_accordion_animation_duration&quot;:{&quot;unit&quot;:&quot;ms&quot;,&quot;size&quot;:300,&quot;sizes&quot;:[]},&quot;default_state&quot;:&quot;all_collapsed&quot;,&quot;max_items_expended&quot;:&quot;one&quot;}\" data-widget_type=\"nested-accordion.default\">\n\t\t\t\t<div class=\"elementor-widget-container\">\n\t\t\t\t\t\t\t<div class=\"e-n-accordion\" aria-label=\"Accordion. Open links with Enter or Space, close with Escape, and navigate with Arrow Keys\">\n\t\t\t\t\t\t<details id=\"e-n-accordion-item-1740\" class=\"e-n-accordion-item\" >\n\t\t\t\t<summary class=\"e-n-accordion-item-title\" data-accordion-index=\"1\" tabindex=\"0\" aria-expanded=\"false\" aria-controls=\"e-n-accordion-item-1740\" >\n\t\t\t\t\t<span class='e-n-accordion-item-title-header'><div class=\"e-n-accordion-item-title-text\"> Welche Kan\u00e4le unterst\u00fctzen Sie? <\/div><\/span>\n\t\t\t\t\t\t\t<span class='e-n-accordion-item-title-icon'>\n\t\t\t<span class='e-opened' ><i aria-hidden=\"true\" class=\"vamtamtheme- vamtam-theme-minus\"><\/i><\/span>\n\t\t\t<span class='e-closed'><i aria-hidden=\"true\" class=\"vamtamtheme- vamtam-theme-plus\"><\/i><\/span>\n\t\t<\/span>\n\n\t\t\t\t\t\t<\/summary>\n\t\t\t\t<div role=\"region\" aria-labelledby=\"e-n-accordion-item-1740\" class=\"elementor-element elementor-element-7babf03 e-con-full e-flex e-con e-child\" data-id=\"7babf03\" data-element_type=\"container\" data-e-type=\"container\">\n\t\t\t\t<div class=\"elementor-element elementor-element-3a16a3c elementor-widget elementor-widget-text-editor\" data-id=\"3a16a3c\" data-element_type=\"widget\" data-e-type=\"widget\" data-widget_type=\"text-editor.default\">\n\t\t\t\t<div class=\"elementor-widget-container\">\n\t\t\t\t\t\t\t\t\t\nWir k\u00f6nnen je nach Ihrem Stack und Bedarf Voice (Anrufe), E-Mail, Live-Chat, WhatsApp\/Social Messaging sowie Helpdesk-Tickets abdecken. Au\u00dferdem helfen wir Ihnen, Antworten kanal\u00fcbergreifend zu standardisieren, damit Kunden konsistente Ausk\u00fcnfte erhalten.\t\t\t\t\t\t\t\t<\/div>\n\t\t\t\t<\/div>\n\t\t\t\t<\/div>\n\t\t\t\t\t<\/details>\n\t\t\t\t\t\t<details id=\"e-n-accordion-item-1741\" class=\"e-n-accordion-item\" >\n\t\t\t\t<summary class=\"e-n-accordion-item-title\" data-accordion-index=\"2\" tabindex=\"-1\" aria-expanded=\"false\" aria-controls=\"e-n-accordion-item-1741\" >\n\t\t\t\t\t<span class='e-n-accordion-item-title-header'><div class=\"e-n-accordion-item-title-text\"> K\u00f6nnen Sie mit unseren bestehenden Tools arbeiten? <\/div><\/span>\n\t\t\t\t\t\t\t<span class='e-n-accordion-item-title-icon'>\n\t\t\t<span class='e-opened' ><i aria-hidden=\"true\" class=\"vamtamtheme- vamtam-theme-minus\"><\/i><\/span>\n\t\t\t<span class='e-closed'><i aria-hidden=\"true\" class=\"vamtamtheme- vamtam-theme-plus\"><\/i><\/span>\n\t\t<\/span>\n\n\t\t\t\t\t\t<\/summary>\n\t\t\t\t<div role=\"region\" aria-labelledby=\"e-n-accordion-item-1741\" class=\"elementor-element elementor-element-33c96ae e-con-full e-flex e-con e-child\" data-id=\"33c96ae\" data-element_type=\"container\" data-e-type=\"container\">\n\t\t\t\t<div class=\"elementor-element elementor-element-cc456b8 elementor-widget elementor-widget-text-editor\" data-id=\"cc456b8\" data-element_type=\"widget\" data-e-type=\"widget\" data-widget_type=\"text-editor.default\">\n\t\t\t\t<div class=\"elementor-widget-container\">\n\t\t\t\t\t\t\t\t\ta. Wir integrieren uns in die g\u00e4ngigsten CRMs\/Helpdesks. Wenn Sie bereits ein System haben, docken wir daran an. Falls nicht, empfehlen wir ein Setup und unterst\u00fctzen Sie bei der Implementierung.\n\t\t\t\t\t\t\t\t<\/div>\n\t\t\t\t<\/div>\n\t\t\t\t<\/div>\n\t\t\t\t\t<\/details>\n\t\t\t\t\t\t<details id=\"e-n-accordion-item-1742\" class=\"e-n-accordion-item\" >\n\t\t\t\t<summary class=\"e-n-accordion-item-title\" data-accordion-index=\"3\" tabindex=\"-1\" aria-expanded=\"false\" aria-controls=\"e-n-accordion-item-1742\" >\n\t\t\t\t\t<span class='e-n-accordion-item-title-header'><div class=\"e-n-accordion-item-title-text\"> Wie stellen Sie Qualit\u00e4t und Konsistenz sicher? <\/div><\/span>\n\t\t\t\t\t\t\t<span class='e-n-accordion-item-title-icon'>\n\t\t\t<span class='e-opened' ><i aria-hidden=\"true\" class=\"vamtamtheme- vamtam-theme-minus\"><\/i><\/span>\n\t\t\t<span class='e-closed'><i aria-hidden=\"true\" class=\"vamtamtheme- vamtam-theme-plus\"><\/i><\/span>\n\t\t<\/span>\n\n\t\t\t\t\t\t<\/summary>\n\t\t\t\t<div role=\"region\" aria-labelledby=\"e-n-accordion-item-1742\" class=\"elementor-element elementor-element-92858ad e-con-full e-flex e-con e-child\" data-id=\"92858ad\" data-element_type=\"container\" data-e-type=\"container\">\n\t\t\t\t<div class=\"elementor-element elementor-element-44a5a83 elementor-widget elementor-widget-text-editor\" data-id=\"44a5a83\" data-element_type=\"widget\" data-e-type=\"widget\" data-widget_type=\"text-editor.default\">\n\t\t\t\t<div class=\"elementor-widget-container\">\n\t\t\t\t\t\t\t\t\t\n\nWir nutzen QA-Checklisten, Call-\/Chat-Reviews, Coaching-Zyklen und Kalibrierungs-Sessions mit Ihrem Team. Au\u00dferdem pflegen wir eine Wissensdatenbank als \u201eSingle Source of Truth\u201c, damit Antworten konsistent bleiben.\n\n\t\t\t\t\t\t\t\t<\/div>\n\t\t\t\t<\/div>\n\t\t\t\t<\/div>\n\t\t\t\t\t<\/details>\n\t\t\t\t\t\t<details id=\"e-n-accordion-item-1743\" class=\"e-n-accordion-item\" >\n\t\t\t\t<summary class=\"e-n-accordion-item-title\" data-accordion-index=\"4\" tabindex=\"-1\" aria-expanded=\"false\" aria-controls=\"e-n-accordion-item-1743\" >\n\t\t\t\t\t<span class='e-n-accordion-item-title-header'><div class=\"e-n-accordion-item-title-text\"> Bieten Sie mehrsprachigen Support an? <\/div><\/span>\n\t\t\t\t\t\t\t<span class='e-n-accordion-item-title-icon'>\n\t\t\t<span class='e-opened' ><i aria-hidden=\"true\" class=\"vamtamtheme- vamtam-theme-minus\"><\/i><\/span>\n\t\t\t<span class='e-closed'><i aria-hidden=\"true\" class=\"vamtamtheme- vamtam-theme-plus\"><\/i><\/span>\n\t\t<\/span>\n\n\t\t\t\t\t\t<\/summary>\n\t\t\t\t<div role=\"region\" aria-labelledby=\"e-n-accordion-item-1743\" class=\"elementor-element elementor-element-c359efe e-con-full e-flex e-con e-child\" data-id=\"c359efe\" data-element_type=\"container\" data-e-type=\"container\">\n\t\t\t\t<div class=\"elementor-element elementor-element-9ae0810 elementor-widget elementor-widget-text-editor\" data-id=\"9ae0810\" data-element_type=\"widget\" data-e-type=\"widget\" data-widget_type=\"text-editor.default\">\n\t\t\t\t<div class=\"elementor-widget-container\">\n\t\t\t\t\t\t\t\t\tJa. Wir k\u00f6nnen Abdeckung auf Franz\u00f6sisch \/ Englisch \/ Arabisch bieten. Nennen Sie uns Ihre Zielm\u00e4rkte, und wir schlagen das passende Sprachabdeckungsmodell vor.\n\n\t\t\t\t\t\t\t\t<\/div>\n\t\t\t\t<\/div>\n\t\t\t\t<\/div>\n\t\t\t\t\t<\/details>\n\t\t\t\t\t<\/div>\n\t\t\t\t\t\t<\/div>\n\t\t\t\t<\/div>\n\t\t\t\t\t<\/div>\n\t\t\t\t<\/div>\n\t\t<div class=\"elementor-element elementor-element-9f7ec12 e-flex e-con-boxed e-con e-child\" data-id=\"9f7ec12\" data-element_type=\"container\" data-e-type=\"container\">\n\t\t\t\t\t<div class=\"e-con-inner\">\n\t\t<div class=\"elementor-element elementor-element-1e50375 e-con-full e-flex e-con e-child\" data-id=\"1e50375\" data-element_type=\"container\" data-e-type=\"container\" data-settings=\"{&quot;background_background&quot;:&quot;classic&quot;}\">\n\t\t\t\t<\/div>\n\t\t<div class=\"elementor-element elementor-element-f3e0c2e e-con-full e-flex e-con e-child\" data-id=\"f3e0c2e\" data-element_type=\"container\" data-e-type=\"container\" data-settings=\"{&quot;background_background&quot;:&quot;classic&quot;}\">\n\t\t<div class=\"elementor-element elementor-element-e765761 e-con-full e-flex e-con e-child\" data-id=\"e765761\" data-element_type=\"container\" data-e-type=\"container\">\n\t\t<div class=\"elementor-element elementor-element-f74ab3c e-con-full e-flex e-con e-child\" data-id=\"f74ab3c\" data-element_type=\"container\" data-e-type=\"container\">\n\t\t<div class=\"elementor-element elementor-element-d4045d8 e-con-full e-flex e-con e-child\" data-id=\"d4045d8\" data-element_type=\"container\" data-e-type=\"container\">\n\t\t\t\t<div class=\"elementor-element elementor-element-3d94de3 elementor-widget__width-auto elementor-widget elementor-widget-heading\" data-id=\"3d94de3\" data-element_type=\"widget\" data-e-type=\"widget\" data-widget_type=\"heading.default\">\n\t\t\t\t<div class=\"elementor-widget-container\">\n\t\t\t\t\t<div class=\"elementor-heading-title elementor-size-default\">Kontaktieren Sie uns<\/div>\t\t\t\t<\/div>\n\t\t\t\t<\/div>\n\t\t\t\t<\/div>\n\t\t<div class=\"elementor-element elementor-element-24a2419 e-con-full e-flex e-con e-child\" data-id=\"24a2419\" data-element_type=\"container\" data-e-type=\"container\">\n\t\t\t\t<div class=\"vamtam-has-theme-widget-styles elementor-element elementor-element-a801c16 elementor-view-default elementor-widget elementor-widget-icon\" data-id=\"a801c16\" data-element_type=\"widget\" data-e-type=\"widget\" data-widget_type=\"icon.default\">\n\t\t\t\t<div class=\"elementor-widget-container\">\n\t\t\t\t\t\t\t<div class=\"elementor-icon-wrapper\">\n\t\t\t<div class=\"elementor-icon\">\n\t\t\t<i aria-hidden=\"true\" class=\"vamtamtheme- vamtam-theme-sign-star\"><\/i>\t\t\t<\/div>\n\t\t<\/div>\n\t\t\t\t\t\t<\/div>\n\t\t\t\t<\/div>\n\t\t\t\t<\/div>\n\t\t\t\t<\/div>\n\t\t\t\t<div class=\"elementor-element elementor-element-f9cd7ae elementor-invisible animated-fast elementor-widget elementor-widget-heading\" data-id=\"f9cd7ae\" data-element_type=\"widget\" data-e-type=\"widget\" data-settings=\"{&quot;_animation&quot;:&quot;slideInUp&quot;,&quot;_animation_delay&quot;:50}\" data-widget_type=\"heading.default\">\n\t\t\t\t<div class=\"elementor-widget-container\">\n\t\t\t\t\t<h3 class=\"elementor-heading-title elementor-size-default\">Melden Sie sich noch heute, wenn Sie weitere Fragen haben. Wir helfen Ihnen gerne bei Ihrem finanziellen Wohlergehen.<\/h3>\t\t\t\t<\/div>\n\t\t\t\t<\/div>\n\t\t\t\t<\/div>\n\t\t\t\t<div class=\"elementor-element elementor-element-5975061 elementor-widget elementor-widget-spacer\" data-id=\"5975061\" data-element_type=\"widget\" data-e-type=\"widget\" data-widget_type=\"spacer.default\">\n\t\t\t\t<div class=\"elementor-widget-container\">\n\t\t\t\t\t\t\t<div class=\"elementor-spacer\">\n\t\t\t<div class=\"elementor-spacer-inner\"><\/div>\n\t\t<\/div>\n\t\t\t\t\t\t<\/div>\n\t\t\t\t<\/div>\n\t\t<div class=\"elementor-element elementor-element-3193092 e-con-full e-flex e-con e-child\" data-id=\"3193092\" data-element_type=\"container\" data-e-type=\"container\">\n\t\t\t\t<div class=\"vamtam-has-theme-widget-styles elementor-element elementor-element-bab16c6 elementor-invisible animated-fast vamtam-icon-pos-row-reverse vamtam-has-icon-styles vamtam-has-hover-anim vamtam-has-outside-icon elementor-widget elementor-widget-button\" data-id=\"bab16c6\" data-element_type=\"widget\" data-e-type=\"widget\" data-settings=\"{&quot;_animation&quot;:&quot;fadeIn&quot;,&quot;_animation_delay&quot;:150}\" data-widget_type=\"button.default\">\n\t\t\t\t<div class=\"elementor-widget-container\">\n\t\t\t\t\t\t\t\t\t<div class=\"elementor-button-wrapper\">\n\t\t\t\t\t<a class=\"elementor-button elementor-button-link elementor-size-sm\" href=\"https:\/\/fr.cx-gate.com\/de\/contact\/\">\n\t\t\t\t\t\t<span class=\"elementor-button-content-wrapper\">\n\t\t\t\t\t\t<span class=\"elementor-button-icon\">\n\t\t\t\t<i aria-hidden=\"true\" class=\"vamtamtheme- vamtam-theme-arrow-link-up\"><\/i>\t\t\t<\/span>\n\t\t\t\t\t\t\t\t\t<span class=\"elementor-button-text\">Kontakt<\/span>\n\t\t\t\t\t<\/span>\n\t\t\t\t\t<\/a>\n\t\t\t\t<\/div>\n\t\t\t\t\t\t\t\t<\/div>\n\t\t\t\t<\/div>\n\t\t\t\t<\/div>\n\t\t\t\t<\/div>\n\t\t\t\t\t<\/div>\n\t\t\t\t<\/div>\n\t\t\t\t<\/div>","protected":false},"excerpt":{"rendered":"<p>H\u00e4ufige Fragen<\/p>","protected":false},"author":1,"featured_media":0,"parent":0,"menu_order":0,"comment_status":"closed","ping_status":"closed","template":"","meta":{"_acf_changed":false,"_eb_attr":"","_crdt_document":"","footnotes":""},"class_list":["post-3100","page","type-page","status-publish","hentry"],"acf":[],"yoast_head":"<!-- This site is optimized with the Yoast SEO plugin v27.4 - https:\/\/yoast.com\/product\/yoast-seo-wordpress\/ -->\n<title>FAQ - CX GATE<\/title>\n<meta name=\"robots\" content=\"index, follow, max-snippet:-1, max-image-preview:large, max-video-preview:-1\" \/>\n<link rel=\"canonical\" href=\"https:\/\/fr.cx-gate.com\/de\/faq\/\" \/>\n<meta property=\"og:locale\" content=\"de_DE\" \/>\n<meta property=\"og:type\" content=\"article\" \/>\n<meta property=\"og:title\" content=\"FAQ - CX GATE\" \/>\n<meta property=\"og:description\" content=\"Common questions:\" \/>\n<meta property=\"og:url\" content=\"https:\/\/fr.cx-gate.com\/de\/faq\/\" \/>\n<meta property=\"og:site_name\" content=\"CX GATE\" \/>\n<meta property=\"article:publisher\" content=\"https:\/\/web.facebook.com\/TheCXGate\/?_rdc=1&amp;_rdr#\" \/>\n<meta property=\"article:modified_time\" content=\"2026-03-05T12:38:18+00:00\" \/>\n<meta name=\"twitter:card\" content=\"summary_large_image\" \/>\n<meta name=\"twitter:label1\" content=\"Gesch\u00e4tzte Lesezeit\" \/>\n\t<meta name=\"twitter:data1\" content=\"2\u00a0Minuten\" \/>\n<script type=\"application\/ld+json\" class=\"yoast-schema-graph\">{\"@context\":\"https:\\\/\\\/schema.org\",\"@graph\":[{\"@type\":\"WebPage\",\"@id\":\"https:\\\/\\\/fr.cx-gate.com\\\/faq\\\/\",\"url\":\"https:\\\/\\\/fr.cx-gate.com\\\/faq\\\/\",\"name\":\"FAQ - CX GATE\",\"isPartOf\":{\"@id\":\"https:\\\/\\\/fr.cx-gate.com\\\/#website\"},\"datePublished\":\"2025-02-25T11:14:35+00:00\",\"dateModified\":\"2026-03-05T12:38:18+00:00\",\"breadcrumb\":{\"@id\":\"https:\\\/\\\/fr.cx-gate.com\\\/faq\\\/#breadcrumb\"},\"inLanguage\":\"de\",\"potentialAction\":[{\"@type\":\"ReadAction\",\"target\":[\"https:\\\/\\\/fr.cx-gate.com\\\/faq\\\/\"]}]},{\"@type\":\"BreadcrumbList\",\"@id\":\"https:\\\/\\\/fr.cx-gate.com\\\/faq\\\/#breadcrumb\",\"itemListElement\":[{\"@type\":\"ListItem\",\"position\":1,\"name\":\"Home\",\"item\":\"https:\\\/\\\/fr.cx-gate.com\\\/\"},{\"@type\":\"ListItem\",\"position\":2,\"name\":\"FAQ\"}]},{\"@type\":\"WebSite\",\"@id\":\"https:\\\/\\\/fr.cx-gate.com\\\/#website\",\"url\":\"https:\\\/\\\/fr.cx-gate.com\\\/\",\"name\":\"CX GATE\",\"description\":\"Creating a better Customer Experience\",\"publisher\":{\"@id\":\"https:\\\/\\\/fr.cx-gate.com\\\/#organization\"},\"potentialAction\":[{\"@type\":\"SearchAction\",\"target\":{\"@type\":\"EntryPoint\",\"urlTemplate\":\"https:\\\/\\\/fr.cx-gate.com\\\/?s={search_term_string}\"},\"query-input\":{\"@type\":\"PropertyValueSpecification\",\"valueRequired\":true,\"valueName\":\"search_term_string\"}}],\"inLanguage\":\"de\"},{\"@type\":\"Organization\",\"@id\":\"https:\\\/\\\/fr.cx-gate.com\\\/#organization\",\"name\":\"CX GATE\",\"url\":\"https:\\\/\\\/fr.cx-gate.com\\\/\",\"logo\":{\"@type\":\"ImageObject\",\"inLanguage\":\"de\",\"@id\":\"https:\\\/\\\/fr.cx-gate.com\\\/#\\\/schema\\\/logo\\\/image\\\/\",\"url\":\"https:\\\/\\\/fr.cx-gate.com\\\/wp-content\\\/uploads\\\/2025\\\/12\\\/cropped-fei-scaled-2.png\",\"contentUrl\":\"https:\\\/\\\/fr.cx-gate.com\\\/wp-content\\\/uploads\\\/2025\\\/12\\\/cropped-fei-scaled-2.png\",\"width\":2558,\"height\":1024,\"caption\":\"CX GATE\"},\"image\":{\"@id\":\"https:\\\/\\\/fr.cx-gate.com\\\/#\\\/schema\\\/logo\\\/image\\\/\"},\"sameAs\":[\"https:\\\/\\\/web.facebook.com\\\/TheCXGate\\\/?_rdc=1&_rdr#\",\"https:\\\/\\\/www.tiktok.com\\\/@thecxgate\",\"https:\\\/\\\/ma.linkedin.com\\\/company\\\/thecxgate\",\"https:\\\/\\\/www.instagram.com\\\/thecxgate\\\/\"]}]}<\/script>\n<!-- \/ Yoast SEO plugin. -->","yoast_head_json":{"title":"FAQ - CX GATE","robots":{"index":"index","follow":"follow","max-snippet":"max-snippet:-1","max-image-preview":"max-image-preview:large","max-video-preview":"max-video-preview:-1"},"canonical":"https:\/\/fr.cx-gate.com\/de\/faq\/","og_locale":"de_DE","og_type":"article","og_title":"FAQ - CX GATE","og_description":"Common questions:","og_url":"https:\/\/fr.cx-gate.com\/de\/faq\/","og_site_name":"CX GATE","article_publisher":"https:\/\/web.facebook.com\/TheCXGate\/?_rdc=1&_rdr#","article_modified_time":"2026-03-05T12:38:18+00:00","twitter_card":"summary_large_image","twitter_misc":{"Gesch\u00e4tzte Lesezeit":"2\u00a0Minuten"},"schema":{"@context":"https:\/\/schema.org","@graph":[{"@type":"WebPage","@id":"https:\/\/fr.cx-gate.com\/faq\/","url":"https:\/\/fr.cx-gate.com\/faq\/","name":"FAQ - CX GATE","isPartOf":{"@id":"https:\/\/fr.cx-gate.com\/#website"},"datePublished":"2025-02-25T11:14:35+00:00","dateModified":"2026-03-05T12:38:18+00:00","breadcrumb":{"@id":"https:\/\/fr.cx-gate.com\/faq\/#breadcrumb"},"inLanguage":"de","potentialAction":[{"@type":"ReadAction","target":["https:\/\/fr.cx-gate.com\/faq\/"]}]},{"@type":"BreadcrumbList","@id":"https:\/\/fr.cx-gate.com\/faq\/#breadcrumb","itemListElement":[{"@type":"ListItem","position":1,"name":"Home","item":"https:\/\/fr.cx-gate.com\/"},{"@type":"ListItem","position":2,"name":"FAQ"}]},{"@type":"WebSite","@id":"https:\/\/fr.cx-gate.com\/#website","url":"https:\/\/fr.cx-gate.com\/","name":"CX GATE-Familie","description":"Creating a better Customer Experience","publisher":{"@id":"https:\/\/fr.cx-gate.com\/#organization"},"potentialAction":[{"@type":"SearchAction","target":{"@type":"EntryPoint","urlTemplate":"https:\/\/fr.cx-gate.com\/?s={search_term_string}"},"query-input":{"@type":"PropertyValueSpecification","valueRequired":true,"valueName":"search_term_string"}}],"inLanguage":"de"},{"@type":"Organization","@id":"https:\/\/fr.cx-gate.com\/#organization","name":"CX GATE-Familie","url":"https:\/\/fr.cx-gate.com\/","logo":{"@type":"ImageObject","inLanguage":"de","@id":"https:\/\/fr.cx-gate.com\/#\/schema\/logo\/image\/","url":"https:\/\/fr.cx-gate.com\/wp-content\/uploads\/2025\/12\/cropped-fei-scaled-2.png","contentUrl":"https:\/\/fr.cx-gate.com\/wp-content\/uploads\/2025\/12\/cropped-fei-scaled-2.png","width":2558,"height":1024,"caption":"CX GATE"},"image":{"@id":"https:\/\/fr.cx-gate.com\/#\/schema\/logo\/image\/"},"sameAs":["https:\/\/web.facebook.com\/TheCXGate\/?_rdc=1&_rdr#","https:\/\/www.tiktok.com\/@thecxgate","https:\/\/ma.linkedin.com\/company\/thecxgate","https:\/\/www.instagram.com\/thecxgate\/"]}]}},"_links":{"self":[{"href":"https:\/\/fr.cx-gate.com\/de\/wp-json\/wp\/v2\/pages\/3100","targetHints":{"allow":["GET"]}}],"collection":[{"href":"https:\/\/fr.cx-gate.com\/de\/wp-json\/wp\/v2\/pages"}],"about":[{"href":"https:\/\/fr.cx-gate.com\/de\/wp-json\/wp\/v2\/types\/page"}],"author":[{"embeddable":true,"href":"https:\/\/fr.cx-gate.com\/de\/wp-json\/wp\/v2\/users\/1"}],"replies":[{"embeddable":true,"href":"https:\/\/fr.cx-gate.com\/de\/wp-json\/wp\/v2\/comments?post=3100"}],"version-history":[{"count":20,"href":"https:\/\/fr.cx-gate.com\/de\/wp-json\/wp\/v2\/pages\/3100\/revisions"}],"predecessor-version":[{"id":988088,"href":"https:\/\/fr.cx-gate.com\/de\/wp-json\/wp\/v2\/pages\/3100\/revisions\/988088"}],"wp:attachment":[{"href":"https:\/\/fr.cx-gate.com\/de\/wp-json\/wp\/v2\/media?parent=3100"}],"curies":[{"name":"wp","href":"https:\/\/api.w.org\/{rel}","templated":true}]}}